{"id":1156,"date":"2024-02-21T13:32:14","date_gmt":"2024-02-21T13:32:14","guid":{"rendered":"https:\/\/clue.ch\/solutions\/"},"modified":"2025-12-17T14:59:35","modified_gmt":"2025-12-17T13:59:35","slug":"solutions","status":"publish","type":"page","link":"https:\/\/clue.de\/en\/solutions\/","title":{"rendered":"Solutions"},"content":{"rendered":"<h1>Our Solutions<\/h1>\n<h1>Sichere und robuste Prozesse auf allen Fronten.<\/h1>\n<div>\n<p>Entdecken Sie unsere umfassenden Sicherheitsl\u00f6sungen, die auf den Schutz und die Leistungsf\u00e4higkeit Ihres Unternehmens zugeschnitten sind. Ob durch fachkundige \u00dcberwachung, Applikationsschutz oder OT Resillienz &#8211; wir bieten Sicherheit, die mit Ihren Gesch\u00e4ftszielen Schritt h\u00e4lt.<\/p>\n<\/div>\n<p>\n    <a href=\"\/contact\/\">Kontaktieren sie uns<\/a>\n<\/p>\n<p><img decoding=\"async\" src=\"\/wp-content\/uploads\/2024\/03\/sss.webp\" alt=\"\"><\/p>\n<ul>\n<li>\n<h3>Managed Detection <br \/>and Response<\/h3>\n<div>\n<p>Unser MDR-Service bietet rund um die Uhr fachkundige \u00dcberwachung und schnelle Reaktion auf Bedrohungen, um Cyberangriffe in Echtzeit zu erkennen und abzuwehren.<\/p>\n<\/div>\n<p><a href=\"\/solutions\/managed-detection-and-response\/\">Zur Solution<\/a><\/p>\n<\/li>\n<li>\n<h3>OT <br \/>Security <\/h3>\n<div>\n<p>Unser ganzheitlicher Ansatz hilft Unternehmen bei der Planung, dem Aufbau und dem Betrieb einer stabilen OT-Umgebung zur Unterst\u00fctzung ihrer Digitalisierungsstrategie.<\/p>\n<\/div>\n<p><a href=\"\/solutions\/ot-security\/\">Zur Solution<\/a><\/p>\n<\/li>\n<li>\n<h3>Application <br \/>Security<\/h3>\n<div>\n<p>Sicherheitsmassnahmen auf der Applikationsebene, welche verhindern , dass Daten oder Code innerhalb der App gestohlen oder gekapert werden.<\/p>\n<\/div>\n<p><a href=\"\/solutions\/application-security\/\">Zur Solution<\/a><\/p>\n<\/li>\n<\/ul>\n<p><!--more--><br \/>\n<!-- {\"type\":\"layout\",\"children\":[{\"name\":\"Services overview head\",\"type\":\"section\",\"props\":{\"animation\":\"fade\",\"header_transparent\":true,\"height\":\"pixels\",\"height_offset_top\":true,\"height_viewport\":800,\"image_loading\":true,\"image_position\":\"center-center\",\"image_size\":\"cover\",\"image_width\":\"2560\",\"overlap\":false,\"preserve_color\":true,\"style\":\"primary\",\"text_color\":\"light\",\"title_breakpoint\":\"xl\",\"title_position\":\"top-left\",\"title_rotation\":\"left\",\"vertical_align\":\"middle\",\"width\":\"default\"},\"children\":[{\"type\":\"row\",\"children\":[{\"type\":\"column\",\"props\":{\"image_position\":\"center-center\",\"position_sticky_breakpoint\":\"m\",\"width_medium\":\"1-2\"},\"children\":[{\"type\":\"headline\",\"props\":{\"animation\":\"slide-bottom-small\",\"content\":\"Our Solutions\",\"text_align\":\"left\",\"title_element\":\"h1\"}},{\"type\":\"headline\",\"props\":{\"content\":\"Sichere und robuste Prozesse auf allen Fronten.\",\"content_en_gb\":\"Ensuring secure and resilient operations across all fronts.\",\"title_element\":\"h1\",\"title_style\":\"text-large\"}},{\"type\":\"text\",\"props\":{\"animation\":\"slide-top-small\",\"column_breakpoint\":\"m\",\"content\":\"\n\n<p>Entdecken Sie unsere umfassenden Sicherheitsl\\u00f6sungen, die auf den Schutz und die Leistungsf\\u00e4higkeit Ihres Unternehmens zugeschnitten sind. Ob durch fachkundige \\u00dcberwachung, Applikationsschutz oder OT Resillienz - wir bieten Sicherheit, die mit Ihren Gesch\\u00e4ftszielen Schritt h\\u00e4lt.<\\\/p>\",\"content_en_gb\":\"\n\n<p><span>Explore our comprehensive security solutions tailored to protect and empower your organization. Whether through expert monitoring, application safeguards, or operational technology resilience, we deliver security that keeps pace with your business goals.<\\\/span><\\\/p>\",\"dropcap\":false,\"margin\":\"default\",\"text_align\":\"left\",\"text_style\":\"large\"}},{\"type\":\"button\",\"props\":{\"grid_column_gap\":\"small\",\"grid_row_gap\":\"small\",\"margin\":\"default\"},\"children\":[{\"type\":\"button_item\",\"props\":{\"button_style\":\"default\",\"content\":\"Kontaktieren sie uns\",\"content_en_gb\":\"Get in touch\",\"icon_align\":\"left\",\"link\":\"contact\\\/\",\"link_en_gb\":\"en\\\/contact\\\/\"}}]}]},{\"type\":\"column\",\"props\":{\"image_position\":\"center-center\",\"position_sticky_breakpoint\":\"m\",\"width_medium\":\"1-2\"},\"children\":[{\"type\":\"image\",\"props\":{\"image\":\"wp-content\\\/uploads\\\/2024\\\/03\\\/sss.webp\",\"image_loading\":true,\"image_svg_color\":\"emphasis\",\"image_width\":400,\"margin\":\"default\",\"position\":\"relative\",\"text_align\":\"center\"}}]}],\"props\":{\"layout\":\"1-2,1-2\"}}]},{\"type\":\"section\",\"props\":{\"image_position\":\"center-center\",\"padding_remove_top\":true,\"style\":\"primary\",\"title_breakpoint\":\"xl\",\"title_position\":\"top-left\",\"title_rotation\":\"left\",\"vertical_align\":\"\",\"width\":\"default\"},\"children\":[{\"type\":\"row\",\"children\":[{\"type\":\"column\",\"props\":{\"image_position\":\"center-center\",\"position_sticky_breakpoint\":\"m\"},\"children\":[{\"type\":\"grid\",\"props\":{\"content_align\":false,\"content_column_breakpoint\":\"m\",\"filter_align\":\"left\",\"filter_all\":true,\"filter_grid_breakpoint\":\"m\",\"filter_grid_width\":\"auto\",\"filter_position\":\"top\",\"filter_style\":\"tab\",\"grid_default\":\"1\",\"grid_divider\":false,\"grid_medium\":\"3\",\"grid_parallax_justify\":false,\"icon_width\":80,\"image_align\":\"top\",\"image_grid_breakpoint\":\"m\",\"image_grid_width\":\"1-2\",\"image_svg_color\":\"emphasis\",\"image_width\":\"100\",\"item_animation\":true,\"link_fullwidth\":false,\"link_style\":\"default\",\"link_text\":\"Read more\",\"margin\":\"default\",\"margin_remove_bottom\":false,\"meta_align\":\"below-title\",\"meta_element\":\"div\",\"meta_style\":\"text-meta\",\"panel_expand\":\"both\",\"panel_image_no_padding\":false,\"panel_link\":false,\"panel_padding\":\"default\",\"panel_style\":\"card-default\",\"show_content\":true,\"show_image\":true,\"show_link\":true,\"show_meta\":true,\"show_title\":true,\"text_align\":\"center\",\"title_align\":\"top\",\"title_element\":\"h3\",\"title_grid_breakpoint\":\"m\",\"title_grid_width\":\"1-2\",\"title_hover_style\":\"reset\",\"title_style\":\"h3\"},\"children\":[{\"type\":\"grid_item\",\"props\":{\"content\":\"\n\n<p>Unser MDR-Service bietet rund um die Uhr fachkundige \\u00dcberwachung und schnelle Reaktion auf Bedrohungen, um Cyberangriffe in Echtzeit zu erkennen und abzuwehren.<\\\/p>\",\"content_en_gb\":\"\n\n<p><span>Our MDR service provides 24\\\/7 expert monitoring and rapid threat response to detect and contain cyberattacks in real time.<\\\/span><\\\/p>\",\"image\":\"\",\"link\":\"\\\/solutions\\\/managed-detection-and-response\\\/\",\"link_en_gb\":\"\\\/en\\\/solutions\\\/managed-detection-and-response\\\/\",\"link_text\":\"Zur Solution\",\"link_text_en_gb\":\"See Solution\",\"title\":\"Managed Detection <br \/>and Response\"}},{\"type\":\"grid_item\",\"props\":{\"content\":\"\n\n<p>Unser ganzheitlicher Ansatz hilft Unternehmen bei der Planung, dem Aufbau und dem Betrieb einer stabilen OT-Umgebung zur Unterst\\u00fctzung ihrer Digitalisierungsstrategie.<\\\/p>\",\"content_en_gb\":\"\n\n<p><span>Our holistic approach helps companies plan, build, and run a resilient OT environment to support their digitalization strategy.<\\\/span><\\\/p>\",\"image\":\"\",\"link\":\"\\\/solutions\\\/ot-security\\\/\",\"link_en_gb\":\"\\\/en\\\/solutions\\\/ot-security\\\/\",\"link_text\":\"Zur Solution\",\"link_text_en_gb\":\"See Solution\",\"title\":\"OT <br \/>Security \"}},{\"type\":\"grid_item\",\"props\":{\"content\":\"\n\n<p>Sicherheitsmassnahmen auf der Applikationsebene, welche verhindern , dass Daten oder Code innerhalb der App gestohlen oder gekapert werden.<\\\/p>\",\"content_en_gb\":\"\n\n<p><span>Security measures at the application level that aim to prevent data or code within the app from being stolen or hijacked.<\\\/span><\\\/p>\",\"image\":\"\",\"link\":\"\\\/solutions\\\/application-security\\\/\",\"link_en_gb\":\"\\\/en\\\/solutions\\\/application-security\\\/\",\"link_text\":\"Zur Solution\",\"link_text_en_gb\":\"See Solution\",\"title\":\"Application <br \/>Security\"}}]}]}]}],\"name\":\"Service Catalogue\"}],\"version\":\"4.4.5\"} --><\/p>\n","protected":false},"excerpt":{"rendered":"<p>Our Solutions Sichere und robuste Prozesse auf allen Fronten. Entdecken Sie unsere umfassenden Sicherheitsl\u00f6sungen, die auf den Schutz und die Leistungsf\u00e4higkeit Ihres Unternehmens zugeschnitten sind. Ob durch fachkundige \u00dcberwachung, Applikationsschutz oder OT Resillienz &#8211; wir bieten Sicherheit, die mit Ihren Gesch\u00e4ftszielen Schritt h\u00e4lt. Kontaktieren sie uns Managed Detection and Response Unser MDR-Service bietet rund um [&hellip;]<\/p>\n","protected":false},"author":1,"featured_media":0,"parent":0,"menu_order":0,"comment_status":"closed","ping_status":"closed","template":"","meta":{"_acf_changed":false,"footnotes":""},"class_list":["post-1156","page","type-page","status-publish","hentry"],"acf":[],"yoast_head":"<!-- This site is optimized with the Yoast SEO plugin v27.1.1 - https:\/\/yoast.com\/product\/yoast-seo-wordpress\/ -->\n<title>Solutions &#8211; CLUE<\/title>\n<meta name=\"description\" content=\"Comprehensive cybersecurity solutions, including managed detection, application security, and OT protection, tailored to your business needs.\" \/>\n<meta name=\"robots\" content=\"index, follow, max-snippet:-1, max-image-preview:large, max-video-preview:-1\" \/>\n<link rel=\"canonical\" href=\"https:\/\/clue.ch\/\/clue.ch\/\/clue.ch\/en\/solutions\/\" \/>\n<meta property=\"og:locale\" content=\"en_GB\" \/>\n<meta property=\"og:type\" content=\"article\" \/>\n<meta property=\"og:title\" content=\"Solutions &#8211; CLUE\" \/>\n<meta property=\"og:description\" content=\"Comprehensive cybersecurity solutions, including managed detection, application security, and OT protection, tailored to your business needs.\" \/>\n<meta property=\"og:url\" content=\"https:\/\/clue.ch\/\/clue.ch\/solutions\/\" \/>\n<meta property=\"og:site_name\" content=\"CLUE\" \/>\n<meta property=\"article:publisher\" content=\"https:\/\/www.instagram.com\/clue.security\/\" \/>\n<meta property=\"article:modified_time\" content=\"2025-12-17T13:59:35+00:00\" \/>\n<meta name=\"twitter:card\" content=\"summary_large_image\" \/>\n<meta name=\"twitter:label1\" content=\"Estimated reading time\" \/>\n\t<meta name=\"twitter:data1\" content=\"1 minute\" \/>\n<script type=\"application\/ld+json\" class=\"yoast-schema-graph\">{\"@context\":\"https:\/\/schema.org\",\"@graph\":[{\"@type\":\"WebPage\",\"@id\":\"https:\/\/clue.de\/en\/solutions\/\",\"url\":\"https:\/\/clue.ch\/\/clue.ch\/solutions\/\",\"name\":\"Solutions &#8211; CLUE\",\"isPartOf\":{\"@id\":\"https:\/\/clue.ch\/#website\"},\"datePublished\":\"2024-02-21T13:32:14+00:00\",\"dateModified\":\"2025-12-17T13:59:35+00:00\",\"description\":\"Umfassende und massgeschneiderte Cybersicherheitsl\u00f6sungen wie Managed Detection, Anwendungssicherheit und OT-Schutz.\",\"breadcrumb\":{\"@id\":\"https:\/\/clue.ch\/\/clue.ch\/solutions\/#breadcrumb\"},\"inLanguage\":\"en-GB\",\"potentialAction\":[{\"@type\":\"ReadAction\",\"target\":[\"https:\/\/clue.ch\/\/clue.ch\/solutions\/\"]}]},{\"@type\":\"BreadcrumbList\",\"@id\":\"https:\/\/clue.ch\/\/clue.ch\/solutions\/#breadcrumb\",\"itemListElement\":[{\"@type\":\"ListItem\",\"position\":1,\"name\":\"Home\",\"item\":\"https:\/\/clue.ch\/\"},{\"@type\":\"ListItem\",\"position\":2,\"name\":\"Solutions\"}]},{\"@type\":\"WebSite\",\"@id\":\"https:\/\/clue.ch\/#website\",\"url\":\"https:\/\/clue.ch\/\",\"name\":\"CLUE\",\"description\":\"Cyber Secure\",\"publisher\":{\"@id\":\"https:\/\/clue.ch\/#organization\"},\"potentialAction\":[{\"@type\":\"SearchAction\",\"target\":{\"@type\":\"EntryPoint\",\"urlTemplate\":\"https:\/\/clue.ch\/?s={search_term_string}\"},\"query-input\":{\"@type\":\"PropertyValueSpecification\",\"valueRequired\":true,\"valueName\":\"search_term_string\"}}],\"inLanguage\":\"en-GB\"},{\"@type\":\"Organization\",\"@id\":\"https:\/\/clue.ch\/#organization\",\"name\":\"CLUE Security Services\",\"url\":\"https:\/\/clue.ch\/\",\"logo\":{\"@type\":\"ImageObject\",\"inLanguage\":\"en-GB\",\"@id\":\"https:\/\/clue.ch\/#\/schema\/logo\/image\/\",\"url\":\"https:\/\/clue.ch\/wp-content\/uploads\/2024\/02\/CLUE_Logo_Claim_RGB_Color.svg\",\"contentUrl\":\"https:\/\/clue.ch\/wp-content\/uploads\/2024\/02\/CLUE_Logo_Claim_RGB_Color.svg\",\"width\":1,\"height\":1,\"caption\":\"CLUE Security Services\"},\"image\":{\"@id\":\"https:\/\/clue.ch\/#\/schema\/logo\/image\/\"},\"sameAs\":[\"https:\/\/www.instagram.com\/clue.security\/\",\"https:\/\/www.linkedin.com\/company\/clue-security-services\/\"]}]}<\/script>\n<!-- \/ Yoast SEO plugin. -->","yoast_head_json":{"title":"Solutions &#8211; CLUE","description":"Comprehensive cybersecurity solutions, including managed detection, application security, and OT protection, tailored to your business needs.","robots":{"index":"index","follow":"follow","max-snippet":"max-snippet:-1","max-image-preview":"max-image-preview:large","max-video-preview":"max-video-preview:-1"},"canonical":"https:\\\/\\\/clue.ch\/\/clue.ch\/\/clue.ch\/en\/solutions\/","og_locale":"en_GB","og_type":"article","og_title":"Solutions &#8211; CLUE","og_description":"Comprehensive cybersecurity solutions, including managed detection, application security, and OT protection, tailored to your business needs.","og_url":"https:\/\/clue.ch\/\/clue.ch\/solutions\/","og_site_name":"CLUE","article_publisher":"https:\/\/www.instagram.com\/clue.security\/","article_modified_time":"2025-12-17T13:59:35+00:00","twitter_card":"summary_large_image","twitter_misc":{"Estimated reading time":"1 minute"},"schema":{"@context":"https:\/\/schema.org","@graph":[{"@type":"WebPage","@id":"https:\/\/clue.de\/en\/solutions\/","url":"https:\/\/clue.ch\/\/clue.ch\/solutions\/","name":"Solutions &#8211; CLUE","isPartOf":{"@id":"https:\/\/clue.ch\/#website"},"datePublished":"2024-02-21T13:32:14+00:00","dateModified":"2025-12-17T13:59:35+00:00","description":"Umfassende und massgeschneiderte Cybersicherheitsl\u00f6sungen wie Managed Detection, Anwendungssicherheit und OT-Schutz.","breadcrumb":{"@id":"https:\/\/clue.ch\/\/clue.ch\/solutions\/#breadcrumb"},"inLanguage":"en-GB","potentialAction":[{"@type":"ReadAction","target":["https:\/\/clue.ch\/\/clue.ch\/solutions\/"]}]},{"@type":"BreadcrumbList","@id":"https:\/\/clue.ch\/\/clue.ch\/solutions\/#breadcrumb","itemListElement":[{"@type":"ListItem","position":1,"name":"Home","item":"https:\/\/clue.ch\/"},{"@type":"ListItem","position":2,"name":"Solutions"}]},{"@type":"WebSite","@id":"https:\/\/clue.ch\/#website","url":"https:\/\/clue.ch\/","name":"CLUE","description":"Cyber Secure","publisher":{"@id":"https:\/\/clue.ch\/#organization"},"potentialAction":[{"@type":"SearchAction","target":{"@type":"EntryPoint","urlTemplate":"https:\/\/clue.ch\/?s={search_term_string}"},"query-input":{"@type":"PropertyValueSpecification","valueRequired":true,"valueName":"search_term_string"}}],"inLanguage":"en-GB"},{"@type":"Organization","@id":"https:\/\/clue.ch\/#organization","name":"CLUE Security Services","url":"https:\/\/clue.ch\/","logo":{"@type":"ImageObject","inLanguage":"en-GB","@id":"https:\/\/clue.ch\/#\/schema\/logo\/image\/","url":"https:\/\/clue.ch\/wp-content\/uploads\/2024\/02\/CLUE_Logo_Claim_RGB_Color.svg","contentUrl":"https:\/\/clue.ch\/wp-content\/uploads\/2024\/02\/CLUE_Logo_Claim_RGB_Color.svg","width":1,"height":1,"caption":"CLUE Security Services"},"image":{"@id":"https:\/\/clue.ch\/#\/schema\/logo\/image\/"},"sameAs":["https:\/\/www.instagram.com\/clue.security\/","https:\/\/www.linkedin.com\/company\/clue-security-services\/"]}]}},"_links":{"self":[{"href":"https:\/\/clue.de\/en\/wp-json\/wp\/v2\/pages\/1156","targetHints":{"allow":["GET"]}}],"collection":[{"href":"https:\/\/clue.de\/en\/wp-json\/wp\/v2\/pages"}],"about":[{"href":"https:\/\/clue.de\/en\/wp-json\/wp\/v2\/types\/page"}],"author":[{"embeddable":true,"href":"https:\/\/clue.de\/en\/wp-json\/wp\/v2\/users\/1"}],"replies":[{"embeddable":true,"href":"https:\/\/clue.de\/en\/wp-json\/wp\/v2\/comments?post=1156"}],"version-history":[{"count":1,"href":"https:\/\/clue.de\/en\/wp-json\/wp\/v2\/pages\/1156\/revisions"}],"predecessor-version":[{"id":14943,"href":"https:\/\/clue.de\/en\/wp-json\/wp\/v2\/pages\/1156\/revisions\/14943"}],"wp:attachment":[{"href":"https:\/\/clue.de\/en\/wp-json\/wp\/v2\/media?parent=1156"}],"curies":[{"name":"wp","href":"https:\/\/api.w.org\/{rel}","templated":true}]}}