{"id":7442,"date":"2024-09-04T09:18:04","date_gmt":"2024-09-04T08:18:04","guid":{"rendered":"https:\/\/clue.ch\/?page_id=7442"},"modified":"2025-12-17T14:41:52","modified_gmt":"2025-12-17T13:41:52","slug":"portal-intro","status":"publish","type":"page","link":"https:\/\/clue.de\/en\/portal-intro\/","title":{"rendered":"Clue Portal"},"content":{"rendered":"<h1>Clue Portal<\/h1>\n<div>\n<p>Ihr Cybersecurity Hub<\/p>\n<\/div>\n<div>\n<p>Willkommen auf dem Clue-Kundenportal &#8211; noch nie war die Verwaltung Ihrer Cybersicherheit so nahtlos und effizient. Genau wie unsere Dienstleistungen ist das Portal auf Pr\u00e4zision und Klarheit ausgelegt und bietet Ihnen alles, was Sie brauchen, auf Knopfdruck.<\/p>\n<h5>Key Features:<\/h5>\n<\/div>\n<ul>\n<li>\n<h3>Ticket Management<\/h3>\n<div>\n<p>Erstellen und verfolgen Sie m\u00fchelos Ihre aktuellen Support-Tickets in Echtzeit. Bleiben Sie \u00fcber Fortschritte und Aktualisierungen auf dem Laufenden und stellen Sie sicher, dass Ihre Anliegen mit der von Ihnen erwarteten Qualit\u00e4t bearbeitet werden.<\/p>\n<\/div>\n<\/li>\n<li>\n<h3>Service Einsichten &#038; Device Status<\/h3>\n<div>\n<p>Greifen Sie auf Live-Updates und detaillierte Einblicke in alle Ihre aktiven Dienste zu. \u00dcberwachen Sie den Ger\u00e4testatus und den Zustand der Dienste auf einen Blick, um jederzeit einen vollst\u00e4ndigen \u00dcberblick \u00fcber Ihre Infrastruktur zu haben.<\/p>\n<\/div>\n<\/li>\n<li>\n<h3>Ressourcen Downloads<\/h3>\n<div>\n<p>Laden Sie wichtige Ressourcen und Dokumente sofort herunter, so dass Sie jederzeit auf wichtige Dateien zugreifen k\u00f6nnen.<\/p>\n<ul><\/ul>\n<\/div>\n<\/li>\n<li>\n<h3>Newsfeed &#038; Meldungen<\/h3>\n<div>\n<p>Bleiben Sie auf dem Laufenden mit den neuesten Updates von Clue, einschliesslich servicebezogener Informationen, Sicherheitswarnungen und Branchen-News. Dies ist Ihre vertrauensw\u00fcrdige Quelle f\u00fcr aktuelle und relevante Einblicke &#8211; nie f\u00fcr Marketingzwecke genutzt, immer auf das Wesentliche konzentriert.<\/p>\n<\/div>\n<\/li>\n<\/ul>\n<div>\n<p>Wir bei Clue sind der Meinung, dass Cybersicherheit einfach und \u00fcberzeugend sein sollte. Das Portal ist Ihr Steuerungsmittelpunkt, der f\u00fcr Klarheit, Kontrolle und Vertrauen in Ihre Sicherheitsumgebung sorgt.<\/p>\n<\/div>\n<p>\n    <a href=\"https:\/\/portal.clue.ch\">Portal Login<\/a>\n<\/p>\n<p><img decoding=\"async\" src=\"\/wp-content\/uploads\/2024\/02\/apprt_features_portal_mockup.webp\" alt=\"\"><\/p>\n<p><!--more--><br \/>\n<!-- {\"type\":\"layout\",\"children\":[{\"type\":\"section\",\"props\":{\"image_position\":\"center-center\",\"style\":\"default\",\"title_breakpoint\":\"xl\",\"title_position\":\"top-left\",\"title_rotation\":\"left\",\"vertical_align\":\"middle\",\"width\":\"default\"},\"children\":[{\"type\":\"row\",\"children\":[{\"type\":\"column\",\"props\":{\"image_position\":\"center-center\",\"position_sticky_breakpoint\":\"m\"},\"children\":[{\"type\":\"headline\",\"props\":{\"content\":\"Clue Portal\",\"content_en_gb\":\"Clue Portal\",\"title_element\":\"h1\"}},{\"type\":\"fragment\",\"props\":{\"margin\":\"default\"},\"children\":[{\"type\":\"row\",\"props\":{\"layout\":\"1-2,1-2\"},\"children\":[{\"type\":\"column\",\"props\":{\"image_position\":\"center-center\",\"position_sticky_breakpoint\":\"m\",\"width_medium\":\"1-2\"},\"children\":[{\"type\":\"text\",\"props\":{\"column_breakpoint\":\"m\",\"content\":\"\n\n<p>Ihr Cybersecurity Hub<\\\/p>\",\"content_en_gb\":\"\n\n<p><span>Your Cybersecurity Hub<\\\/span><\\\/p>\",\"margin\":\"default\",\"text_color\":\"secondary\",\"text_style\":\"lead\"}},{\"type\":\"text\",\"props\":{\"column_breakpoint\":\"m\",\"content\":\"\n\n<p>Willkommen auf dem Clue-Kundenportal - noch nie war die Verwaltung Ihrer Cybersicherheit so nahtlos und effizient. Genau wie unsere Dienstleistungen ist das Portal auf Pr\\u00e4zision und Klarheit ausgelegt und bietet Ihnen alles, was Sie brauchen, auf Knopfdruck.<\\\/p>\\n\n\n<h5>Key Features:<\\\/h5>\",\"content_en_gb\":\"\n\n<p><span>Welcome to the Clue Customer Portal\\u2014where managing your cybersecurity has never been more seamless and efficient. Built for precision and clarity, just like our services, the portal provides you with everything you need at your fingertips.<\\\/span><\\\/p>\\n\n\n<h5>Key Features:<\\\/h5>\",\"margin\":\"default\"}},{\"type\":\"accordion\",\"props\":{\"class\":\"divide_jobs_about_page\",\"collapsible\":true,\"content_column_breakpoint\":\"m\",\"image_align\":\"top\",\"image_grid_breakpoint\":\"m\",\"image_grid_width\":\"1-2\",\"image_svg_color\":\"emphasis\",\"link_style\":\"default\",\"link_text\":\"Read more\",\"show_image\":true,\"show_link\":true},\"children\":[{\"type\":\"accordion_item\",\"props\":{\"content\":\"\n\n<p>Erstellen und verfolgen Sie m\\u00fchelos Ihre aktuellen Support-Tickets in Echtzeit. Bleiben Sie \\u00fcber Fortschritte und Aktualisierungen auf dem Laufenden und stellen Sie sicher, dass Ihre Anliegen mit der von Ihnen erwarteten Qualit\\u00e4t bearbeitet werden.<\\\/p>\",\"content_en_gb\":\"\n\n<p><span>Effortlessly create and track your current support tickets in real-time. Stay informed on progress and updates, ensuring that your concerns are resolved with the excellence you expect.<\\\/span><\\\/p>\",\"title\":\"Ticket Management\",\"title_en_gb\":\"Ticket Management\"}},{\"type\":\"accordion_item\",\"props\":{\"content\":\"\n\n<p>Greifen Sie auf Live-Updates und detaillierte Einblicke in alle Ihre aktiven Dienste zu. \\u00dcberwachen Sie den Ger\\u00e4testatus und den Zustand der Dienste auf einen Blick, um jederzeit einen vollst\\u00e4ndigen \\u00dcberblick \\u00fcber Ihre Infrastruktur zu haben.<\\\/p>\",\"content_en_gb\":\"\n\n<p><span>Access live updates and detailed insights into all your active services. Monitor device statuses and service health in one glance, ensuring full visibility over your infrastructure at all times.<\\\/span><\\\/p>\",\"title\":\"Service Einsichten & Device Status\",\"title_en_gb\":\"Service Insights & Device Status\"}},{\"type\":\"accordion_item\",\"props\":{\"content\":\"\n\n<p>Laden Sie wichtige Ressourcen und Dokumente sofort herunter, so dass Sie jederzeit auf wichtige Dateien zugreifen k\\u00f6nnen.<\\\/p>\\n\n\n<ul><\\\/ul>\",\"content_en_gb\":\"\n\n<p><span>Instantly download essential resources and documents, making it easy to access critical files whenever you need them.<\\\/span><\\\/p>\",\"title\":\"Ressourcen Downloads\",\"title_en_gb\":\"Resource Downloads\"}},{\"type\":\"accordion_item\",\"props\":{\"content\":\"\n\n<p>Bleiben Sie auf dem Laufenden mit den neuesten Updates von Clue, einschliesslich servicebezogener Informationen, Sicherheitswarnungen und Branchen-News. Dies ist Ihre vertrauensw\\u00fcrdige Quelle f\\u00fcr aktuelle und relevante Einblicke - nie f\\u00fcr Marketingzwecke genutzt, immer auf das Wesentliche konzentriert.<\\\/p>\",\"content_en_gb\":\"\n\n<p><span>Stay informed with the latest updates from Clue, including service-related information, security vulnerability alerts, and industry news. This is your trusted source for timely and relevant insights\\u2014never used for marketing, always focused on what matters most.<\\\/span><\\\/p>\",\"title\":\"Newsfeed & Meldungen\",\"title_en_gb\":\"Newsfeed & Alerts\"}}],\"name\":\"Accordion with Divider\"},{\"type\":\"text\",\"props\":{\"column_breakpoint\":\"m\",\"content\":\"\n\n<p>Wir bei Clue sind der Meinung, dass Cybersicherheit einfach und \\u00fcberzeugend sein sollte. Das Portal ist Ihr Steuerungsmittelpunkt, der f\\u00fcr Klarheit, Kontrolle und Vertrauen in Ihre Sicherheitsumgebung sorgt.<\\\/p>\",\"content_en_gb\":\"\n\n<p><span>At Clue, we believe that cybersecurity should be straightforward and empowering. The Portal is your control center, designed to provide clarity, control, and confidence in your security posture.<\\\/span><\\\/p>\",\"margin\":\"medium\"}},{\"type\":\"button\",\"props\":{\"fullwidth\":true,\"grid_column_gap\":\"small\",\"grid_row_gap\":\"small\",\"margin\":\"default\"},\"children\":[{\"type\":\"button_item\",\"props\":{\"button_style\":\"default\",\"content\":\"Portal Login\",\"content_en_gb\":\"Login to Portal\",\"icon_align\":\"left\",\"link\":\"https:\\\/\\\/portal.clue.ch\",\"link_en_gb\":\"https:\\\/\\\/portal.clue.ch\",\"link_target\":\"blank\"}}]}]},{\"type\":\"column\",\"props\":{\"image_position\":\"center-center\",\"position_sticky_breakpoint\":\"m\",\"width_medium\":\"1-2\"},\"children\":[{\"type\":\"image\",\"props\":{\"image\":\"wp-content\\\/uploads\\\/2024\\\/02\\\/apprt_features_portal_mockup.webp\",\"image_svg_color\":\"emphasis\",\"margin\":\"default\"}}]}]}]}]}]}]},{\"type\":\"section\",\"props\":{\"image_position\":\"center-center\",\"padding\":\"large\",\"style\":\"default\",\"title_breakpoint\":\"xl\",\"title_position\":\"top-left\",\"title_rotation\":\"left\",\"vertical_align\":\"middle\",\"width\":\"default\"},\"children\":[{\"type\":\"row\",\"children\":[{\"type\":\"column\",\"props\":{\"image_position\":\"center-center\",\"position_sticky_breakpoint\":\"m\"},\"children\":[{\"type\":\"module\",\"props\":{\"menu_image_align\":\"center\",\"menu_image_margin\":true,\"menu_style\":\"default\",\"menu_type\":\"nav\",\"type\":\"builderwidget\",\"widget\":\"builderwidget-11\"}}]}]}],\"name\":\"Contact Form\"}],\"version\":\"4.4.5\"} --><\/p>\n","protected":false},"excerpt":{"rendered":"<p>Clue Portal Ihr Cybersecurity Hub Willkommen auf dem Clue-Kundenportal &#8211; noch nie war die Verwaltung Ihrer Cybersicherheit so nahtlos und effizient. Genau wie unsere Dienstleistungen ist das Portal auf Pr\u00e4zision und Klarheit ausgelegt und bietet Ihnen alles, was Sie brauchen, auf Knopfdruck. Key Features: Ticket Management Erstellen und verfolgen Sie m\u00fchelos Ihre aktuellen Support-Tickets in [&hellip;]<\/p>\n","protected":false},"author":2,"featured_media":0,"parent":0,"menu_order":0,"comment_status":"closed","ping_status":"closed","template":"","meta":{"_acf_changed":false,"footnotes":""},"class_list":["post-7442","page","type-page","status-publish","hentry"],"acf":[],"yoast_head":"<!-- This site is optimized with the Yoast SEO plugin v27.1.1 - https:\/\/yoast.com\/product\/yoast-seo-wordpress\/ -->\n<title>Clue Portal<\/title>\n<meta name=\"description\" content=\"A custom-built portal designed to give customers seamless access to real-time security insights, ticket tracking, and alerts.\" \/>\n<meta name=\"robots\" content=\"index, follow, max-snippet:-1, max-image-preview:large, max-video-preview:-1\" \/>\n<link rel=\"canonical\" href=\"https:\/\/clue.ch\/\/clue.ch\/\/clue.ch\/en\/portal-intro\/\" \/>\n<meta property=\"og:locale\" content=\"en_GB\" \/>\n<meta property=\"og:type\" content=\"article\" \/>\n<meta property=\"og:title\" content=\"Clue Portal\" \/>\n<meta property=\"og:description\" content=\"A custom-built portal designed to give customers seamless access to real-time security insights, ticket tracking, and alerts.\" \/>\n<meta property=\"og:url\" content=\"https:\/\/clue.ch\/portal-intro\/\" \/>\n<meta property=\"og:site_name\" content=\"CLUE\" \/>\n<meta property=\"article:publisher\" content=\"https:\/\/www.instagram.com\/clue.security\/\" \/>\n<meta property=\"article:modified_time\" content=\"2025-12-17T13:41:52+00:00\" \/>\n<meta name=\"twitter:card\" content=\"summary_large_image\" \/>\n<meta name=\"twitter:label1\" content=\"Estimated reading time\" \/>\n\t<meta name=\"twitter:data1\" content=\"2 minutes\" \/>\n<script type=\"application\/ld+json\" class=\"yoast-schema-graph\">{\"@context\":\"https:\/\/schema.org\",\"@graph\":[{\"@type\":\"WebPage\",\"@id\":\"https:\/\/clue.de\/en\/portal-intro\/\",\"url\":\"https:\/\/clue.ch\/portal-intro\/\",\"name\":\"Clue Portal &#8211; CLUE\",\"isPartOf\":{\"@id\":\"https:\/\/clue.ch\/#website\"},\"datePublished\":\"2024-09-04T08:18:04+00:00\",\"dateModified\":\"2025-12-17T13:41:52+00:00\",\"description\":\"Ein eigens entwickeltes Portal, das Kunden nahtlosen Zugang zu Echtzeit-Sicherheitsinformationen, Ticketverfolgung und Warnmeldungen bietet.\",\"breadcrumb\":{\"@id\":\"https:\/\/clue.ch\/portal-intro\/#breadcrumb\"},\"inLanguage\":\"en-GB\",\"potentialAction\":[{\"@type\":\"ReadAction\",\"target\":[\"https:\/\/clue.ch\/portal-intro\/\"]}]},{\"@type\":\"BreadcrumbList\",\"@id\":\"https:\/\/clue.ch\/portal-intro\/#breadcrumb\",\"itemListElement\":[{\"@type\":\"ListItem\",\"position\":1,\"name\":\"Home\",\"item\":\"https:\/\/clue.ch\/\"},{\"@type\":\"ListItem\",\"position\":2,\"name\":\"Clue Portal\"}]},{\"@type\":\"WebSite\",\"@id\":\"https:\/\/clue.ch\/#website\",\"url\":\"https:\/\/clue.ch\/\",\"name\":\"CLUE\",\"description\":\"Cyber Secure\",\"publisher\":{\"@id\":\"https:\/\/clue.ch\/#organization\"},\"potentialAction\":[{\"@type\":\"SearchAction\",\"target\":{\"@type\":\"EntryPoint\",\"urlTemplate\":\"https:\/\/clue.ch\/?s={search_term_string}\"},\"query-input\":{\"@type\":\"PropertyValueSpecification\",\"valueRequired\":true,\"valueName\":\"search_term_string\"}}],\"inLanguage\":\"en-GB\"},{\"@type\":\"Organization\",\"@id\":\"https:\/\/clue.ch\/#organization\",\"name\":\"CLUE Security Services\",\"url\":\"https:\/\/clue.ch\/\",\"logo\":{\"@type\":\"ImageObject\",\"inLanguage\":\"en-GB\",\"@id\":\"https:\/\/clue.ch\/#\/schema\/logo\/image\/\",\"url\":\"https:\/\/clue.ch\/wp-content\/uploads\/2024\/02\/CLUE_Logo_Claim_RGB_Color.svg\",\"contentUrl\":\"https:\/\/clue.ch\/wp-content\/uploads\/2024\/02\/CLUE_Logo_Claim_RGB_Color.svg\",\"width\":1,\"height\":1,\"caption\":\"CLUE Security Services\"},\"image\":{\"@id\":\"https:\/\/clue.ch\/#\/schema\/logo\/image\/\"},\"sameAs\":[\"https:\/\/www.instagram.com\/clue.security\/\",\"https:\/\/www.linkedin.com\/company\/clue-security-services\/\"]}]}<\/script>\n<!-- \/ Yoast SEO plugin. -->","yoast_head_json":{"title":"Clue Portal","description":"A custom-built portal designed to give customers seamless access to real-time security insights, ticket tracking, and alerts.","robots":{"index":"index","follow":"follow","max-snippet":"max-snippet:-1","max-image-preview":"max-image-preview:large","max-video-preview":"max-video-preview:-1"},"canonical":"https:\\\/\\\/clue.ch\/\/clue.ch\/\/clue.ch\/en\/portal-intro\/","og_locale":"en_GB","og_type":"article","og_title":"Clue Portal","og_description":"A custom-built portal designed to give customers seamless access to real-time security insights, ticket tracking, and alerts.","og_url":"https:\/\/clue.ch\/portal-intro\/","og_site_name":"CLUE","article_publisher":"https:\/\/www.instagram.com\/clue.security\/","article_modified_time":"2025-12-17T13:41:52+00:00","twitter_card":"summary_large_image","twitter_misc":{"Estimated reading time":"2 minutes"},"schema":{"@context":"https:\/\/schema.org","@graph":[{"@type":"WebPage","@id":"https:\/\/clue.de\/en\/portal-intro\/","url":"https:\/\/clue.ch\/portal-intro\/","name":"Clue Portal &#8211; CLUE","isPartOf":{"@id":"https:\/\/clue.ch\/#website"},"datePublished":"2024-09-04T08:18:04+00:00","dateModified":"2025-12-17T13:41:52+00:00","description":"Ein eigens entwickeltes Portal, das Kunden nahtlosen Zugang zu Echtzeit-Sicherheitsinformationen, Ticketverfolgung und Warnmeldungen bietet.","breadcrumb":{"@id":"https:\/\/clue.ch\/portal-intro\/#breadcrumb"},"inLanguage":"en-GB","potentialAction":[{"@type":"ReadAction","target":["https:\/\/clue.ch\/portal-intro\/"]}]},{"@type":"BreadcrumbList","@id":"https:\/\/clue.ch\/portal-intro\/#breadcrumb","itemListElement":[{"@type":"ListItem","position":1,"name":"Home","item":"https:\/\/clue.ch\/"},{"@type":"ListItem","position":2,"name":"Clue Portal"}]},{"@type":"WebSite","@id":"https:\/\/clue.ch\/#website","url":"https:\/\/clue.ch\/","name":"CLUE","description":"Cyber Secure","publisher":{"@id":"https:\/\/clue.ch\/#organization"},"potentialAction":[{"@type":"SearchAction","target":{"@type":"EntryPoint","urlTemplate":"https:\/\/clue.ch\/?s={search_term_string}"},"query-input":{"@type":"PropertyValueSpecification","valueRequired":true,"valueName":"search_term_string"}}],"inLanguage":"en-GB"},{"@type":"Organization","@id":"https:\/\/clue.ch\/#organization","name":"CLUE Security Services","url":"https:\/\/clue.ch\/","logo":{"@type":"ImageObject","inLanguage":"en-GB","@id":"https:\/\/clue.ch\/#\/schema\/logo\/image\/","url":"https:\/\/clue.ch\/wp-content\/uploads\/2024\/02\/CLUE_Logo_Claim_RGB_Color.svg","contentUrl":"https:\/\/clue.ch\/wp-content\/uploads\/2024\/02\/CLUE_Logo_Claim_RGB_Color.svg","width":1,"height":1,"caption":"CLUE Security Services"},"image":{"@id":"https:\/\/clue.ch\/#\/schema\/logo\/image\/"},"sameAs":["https:\/\/www.instagram.com\/clue.security\/","https:\/\/www.linkedin.com\/company\/clue-security-services\/"]}]}},"_links":{"self":[{"href":"https:\/\/clue.de\/en\/wp-json\/wp\/v2\/pages\/7442","targetHints":{"allow":["GET"]}}],"collection":[{"href":"https:\/\/clue.de\/en\/wp-json\/wp\/v2\/pages"}],"about":[{"href":"https:\/\/clue.de\/en\/wp-json\/wp\/v2\/types\/page"}],"author":[{"embeddable":true,"href":"https:\/\/clue.de\/en\/wp-json\/wp\/v2\/users\/2"}],"replies":[{"embeddable":true,"href":"https:\/\/clue.de\/en\/wp-json\/wp\/v2\/comments?post=7442"}],"version-history":[{"count":1,"href":"https:\/\/clue.de\/en\/wp-json\/wp\/v2\/pages\/7442\/revisions"}],"predecessor-version":[{"id":14927,"href":"https:\/\/clue.de\/en\/wp-json\/wp\/v2\/pages\/7442\/revisions\/14927"}],"wp:attachment":[{"href":"https:\/\/clue.de\/en\/wp-json\/wp\/v2\/media?parent=7442"}],"curies":[{"name":"wp","href":"https:\/\/api.w.org\/{rel}","templated":true}]}}